{"id":3,"date":"2025-10-14T01:07:40","date_gmt":"2025-10-14T01:07:40","guid":{"rendered":"https:\/\/inmobiliariaghar-am.com\/?page_id=3"},"modified":"2025-10-22T06:26:03","modified_gmt":"2025-10-22T06:26:03","slug":"politica-privacidad","status":"publish","type":"page","link":"https:\/\/inmobiliariaghar-am.com\/de\/politica-privacidad\/","title":{"rendered":""},"content":{"rendered":"<div data-elementor-type=\"wp-page\" data-elementor-id=\"3\" class=\"elementor elementor-3\" data-elementor-post-type=\"page\">\n\t\t\t\t<div class=\"elementor-element elementor-element-506f7511 e-flex e-con-boxed e-con e-parent\" data-id=\"506f7511\" data-element_type=\"container\">\n\t\t\t\t\t<div class=\"e-con-inner\">\n\t\t\t\t<div class=\"elementor-element elementor-element-73282c9e elementor-widget elementor-widget-text-editor\" data-id=\"73282c9e\" data-element_type=\"widget\" data-widget_type=\"text-editor.default\">\n\t\t\t\t\t\t\t\t\t\n<h2 class=\"wp-block-heading\"><strong><br \/><br \/>Responsable del tratamiento<\/strong><\/h2>\n\n<p>El responsable del tratamiento de sus datos\u00a0personales es la persona (f\u00edsica o moral) &#8212;&#8212;&#8212;&#8212;&#8212;&#8212;&#8212;&#8211;. (en lo sucesivo\u00a0\u201cPaty\u201d) con domicilio para o\u00edr y recibir cualquier tipo de notificaciones el\u00a0ubicado en &#8212;&#8212;&#8212;&#8212;&#8212;&#8212;&#8212;&#8212;&#8212;&#8212;&#8212;- , C.P. , Ciudad de Puebla de Zaragoza, M\u00e9xico.<\/p>\n\n<p><strong>Puesta a disposici\u00f3n del Aviso de Privacidad e\u00a0Informaci\u00f3n Complementaria.<\/strong><\/p>\n\n<p>Usted puede consultar en cualquier momento nuestro\u00a0Aviso de Privacidad en la p\u00e1gina de internet\u00a0<a href=\"https:\/\/www.-----------com\/aviso-de-privacidad\"><strong>https:\/\/www.inmobiliariaghar-am\/aviso-de-privacidad<\/strong><\/a>\u00a0y\/o en nuestras\u00a0oficinas.<\/p>\n\n<p>\u201cPaty\u201d tiene el compromiso de brindarle toda\u00a0aquella informaci\u00f3n necesaria para garantizar que usted tenga pleno control\u00a0sobre el tratamiento de sus datos personales, por lo cual, en complemento a\u00a0este Aviso de Privacidad.<\/p>\n\n<p><strong>Dienstleistungen<\/strong><\/p>\n\n<p>La principal finalidad para la cual \u201cPaty\u201d trata\u00a0sus datos personales es para proveerle aquellos servicios derivados de\u00a0cualquier contrato de prestaci\u00f3n de servicios que suscriba con \u201cPaty\u201d;\u00a0cualquier servicio relacionado con el uso de aplicaciones, software, sitios web\u00a0y funcionalidades de su equipo terminal y\/o cualesquiera otros servicios que\u00a0usted voluntariamente decida adquirir (en lo sucesivo y conjuntamente referidos\u00a0como los \u201cServicios\u201d).<\/p>\n\n<p><strong>Finalidades necesarias y minimizaci\u00f3n de datos\u00a0personales.<\/strong><\/p>\n\n<p>\u201cPaty\u201d, en cumplimiento a los principios de\u00a0proporcionalidad y minimizaci\u00f3n, \u00fanicamente recaba y hace uso leg\u00edtimo de los\u00a0datos personales adecuados, necesarios y relevantes para la prestaci\u00f3n de los\u00a0Servicios, as\u00ed como para cumplir con las finalidades del tratamiento informadas\u00a0en el presente Aviso de Privacidad.<\/p>\n\n<p>Por ning\u00fan motivo \u201cPaty\u201d tratar\u00e1 los datos\u00a0personales para finalidades distintas o que no resulten compatibles con las\u00a0informadas en el presente\u00a0Aviso de Privacidad ni obtendr\u00e1 datos que no cumplan\u00a0con los criterios anteriormente se\u00f1alados.<\/p>\n\n<p><strong>Datos personales sujetos a tratamiento y medios de obtenci\u00f3n.<\/strong><\/p>\n\n<p>Los datos personales que se describen a continuaci\u00f3n ser\u00e1n obtenidos de diversas fuentes l\u00edcitas que incluyen los siguientes medios de obtenci\u00f3n:<\/p>\n\n<p><strong>Datos que Usted nos proporciona directamente y que son necesarios para el cumplimiento de los Servicios:\u00a0<\/strong>datos de identificaci\u00f3n y autenticaci\u00f3n, datos de contacto, datos patrimoniales y\/o financieros, datos fiscales, datos demogr\u00e1ficos, datos de ubicaci\u00f3n.<\/p>\n\n<p><strong>Datos que obtenemos de terceros:<\/strong>\u00a0datos de identificaci\u00f3n y autenticaci\u00f3n, datos de contacto, datos patrimoniales y\/o financieros, datos fiscales, datos demogr\u00e1ficos.<\/p>\n\n<p><strong>\u00a0Datos personales sensibles.<\/strong><\/p>\n\n<p>Le informamos que los datos<\/p>\n\n<p>pueden considerarse en algunos casos, dependiendo del contexto del tratamiento, como datos personales sensibles. \u201cPaty\u201d podr\u00e1 dar tratamiento a datos que usted voluntariamente proporcione con la finalidad de llevar cabo actividades de verificaci\u00f3n de su identidad y prevenci\u00f3n de fraudes para la provisi\u00f3n de los Servicios y futuras operaciones que usted realice con nosotros.<\/p>\n\n<p><strong>Datos personales de terceras personas y medios de obtenci\u00f3n.<\/strong><\/p>\n\n<p>\u201cPaty\u201d podr\u00e1 dar tratamiento a datos personales de identificaci\u00f3n y contacto de terceros cuando usted nos proporcione directamente esta informaci\u00f3n para que dichos terceros sean contactados en su calidad de referencias personales para fines de cobranza, prospecci\u00f3n comercial, realizar investigaciones, actividades de verificaci\u00f3n de la calidad de la informaci\u00f3n proporcionada por usted, monitoreos peri\u00f3dicos respecto de su historial crediticio, para que realice en su nombre diversas gestiones relacionadas con los Servicios y\/o para el cumplimiento de las obligaciones jur\u00eddicas adquiridas por usted.<\/p>\n\n<p>Al proporcionar esta informaci\u00f3n usted reconoce haber informado debidamente y haber obtenido de forma previa el consentimiento de dichos terceros para que \u201cPaty\u201d pueda dar tratamiento para los fines antes se\u00f1alados.<\/p>\n\n<p><strong>Datos personales de menores de edad.<\/strong><\/p>\n\n<p>\u201cPaty\u201d no recaba informaci\u00f3n directamente de menores de edad por lo que, de ser necesario, dicha informaci\u00f3n deber\u00e1 ser proporcionada, en su caso, por el padre, tutor y\/o persona con patria potestad. En aquellos casos en los que \u201cPaty\u201d identifique que una persona menor de edad ha proporcionado su informaci\u00f3n personal y\/o que la persona que proporciona los datos personales no es la persona que ejerce la patria potestad de un menor de edad, para fines relacionados con la provisi\u00f3n de los Servicios, \u201cPaty\u201d proceder\u00e1 a la cancelaci\u00f3n de dicha informaci\u00f3n.<\/p>\n\n<p><strong>Finalidades primarias del tratamiento.<\/strong><\/p>\n\n<p>\u201cPaty\u201d limitar\u00e1 el uso de los datos personales mencionados en el presente Aviso de Privacidad para llevar a cabo alguna o todas las actividades necesarias para el desarrollo y cumplimiento de las obligaciones que se originen y deriven de los Servicios que incluyen las siguientes finalidades:<\/p>\n\n<p>\u00b7 Verificar su identidad mediante el uso de datos proporcionados e identificarlo como titular y\/o usuario de los Servicios ante autoridades y\/o terceros con los que tengamos celebrados acuerdos de colaboraci\u00f3n.<\/p>\n\n<p>\u00b7 Verificar ante el Instituto Nacional Electoral (INE) la calidad de los datos contenidos en su Credencial para Votar, incluyendo sus datos biom\u00e9tricos.<\/p>\n\n<p>\u00b7 Llevar a cabo procesos para fines de seguridad propios y\/o para salvaguardar derechos de terceros, identificaci\u00f3n, prevenci\u00f3n y contenci\u00f3n de conductas il\u00edcitas como fraude y\/o robo de identidad.<\/p>\n\n<p>\u00b7 Contactarle a usted y\/o a terceros, sin fines de prospecci\u00f3n comercial, a trav\u00e9s de diversos medios electr\u00f3nicos como llamadas telef\u00f3nicas, env\u00edo de comunicaciones a trav\u00e9s de correos electr\u00f3nicos, mensajes cortos, plataformas de mensajer\u00eda instant\u00e1nea y dem\u00e1s medios de comunicaci\u00f3n f\u00edsicos y\/o electr\u00f3nicos, as\u00ed como con visitas domiciliarias realizadas por \u201cPaty\u201d terceros autorizados por. Lo anterior, para cualquier situaci\u00f3n relacionada con el uso y gesti\u00f3n de los Servicios, informarle sobre cualquier beneficio al que se hubiere hecho acreedor como consecuencia de los mismos, as\u00ed como dar cumplimiento a obligaciones derivadas de la relaci\u00f3n jur\u00eddica con usted.<\/p>\n\n<p>\u00b7 Validar la calidad de la informaci\u00f3n proporcionada por usted y\/o por terceros que usted haya designado para tal efecto.<\/p>\n\n<p>\u00b7 Realizar gestiones de facturaci\u00f3n y cobranza y\/o procesar pagos a trav\u00e9s de las formas y mecanismos tecnol\u00f3gicos habilitados para ello.<\/p>\n\n<p>. Evaluar su comportamiento y capacidad crediticia mediante la elaboraci\u00f3n de perfiles crediticios, con el prop\u00f3sito de determinar su elegibilidad, nivel de riesgo o condiciones aplicables para la adquisici\u00f3n de productos o servicios y\/o de terceros.<\/p>\n\n<p>\u00b7 Cotizar y gestionar la adquisici\u00f3n de bienes y\/o servicios con los que tengamos celebrados acuerdos jur\u00eddicos.<\/p>\n\n<p>\u00b7 Realizar reportes, predicciones, encuestas, investigaciones y an\u00e1lisis en relaci\u00f3n con el uso y calidad de los Servicios.<\/p>\n\n<p>\u00b7 Atender y dar seguimiento a investigaciones, aclaraciones que nos competan, solicitudes de informaci\u00f3n, quejas y\/o reclamaciones, as\u00ed como aquellas relacionadas con la identificaci\u00f3n, detecci\u00f3n, prevenci\u00f3n y combate de conductas que pudieran contravenir lo dispuesto en la normatividad aplicable y\/o con los Servicios que ofrecemos.<\/p>\n\n<p>\u00b7 Dar cumplimiento a las obligaciones de cooperaci\u00f3n con instancias de seguridad y justicia, as\u00ed como a los requerimientos de autoridades competentes en los casos legalmente previstos.<\/p>\n\n<p>\u00b7 Mantener la seguridad de nuestra infraestructura tecnol\u00f3gica, redes y servicios de comunicaciones electr\u00f3nicas, identificar potenciales conductas il\u00edcitas y ataques inform\u00e1ticos, detectar fallos o errores t\u00e9cnicos en la transmisi\u00f3n de las comunicaciones electr\u00f3nicas, as\u00ed como cualquier tratamiento que sea necesario para la correcta prestaci\u00f3n del servicio o cualquier otra normativa sectorial resulte de aplicaci\u00f3n.<\/p>\n\n<p>\u00b7 Generar y llevar a cabo procedimientos de disociaci\u00f3n (anonimizaci\u00f3n) de datos personales.<\/p>\n\n<p>\u00b7 Dar cumplimiento a obligaciones previstas en la normatividad aplicable.<\/p>\n\n<p><strong>Finalidades secundarias del tratamiento.<\/strong><\/p>\n\n<p>Si Usted no se opone, \u201cPaty\u201d tratar\u00e1 sus datos de identificaci\u00f3n y autenticaci\u00f3n, datos de contacto, datos demogr\u00e1ficos, datos de ubicaci\u00f3n, datos inferidos cuando resulte necesario para llevar a cabo alguna o todas las finalidades secundarias que se mencionan a continuaci\u00f3n:<\/p>\n\n<p>\u00a0Enviarle informaci\u00f3n sobre productos, servicios, promociones y ofertas, por medios f\u00edsicos o electr\u00f3nicos, conforme a sus intereses.<\/p>\n\n<p>\u00b7 Registrar su historial de compras y actividades para mejoras operativas, personalizaci\u00f3n de contenidos y env\u00edo de ofertas personalizadas y en su caso an\u00e1lisis interno.<\/p>\n\n<p>\u00b7 Contactarlo posteriormente por medios electr\u00f3nicos para recordarle y asistirle en su compra, informarle sobre su proceso de compra o enviarle comunicaciones comerciales relacionadas.<\/p>\n\n<p><strong>Opciones que le otorga \u201cPaty\u201d para brindarle control de sus datos personales utilizados para finalidades secundarias.<\/strong><\/p>\n\n<p>Con la finalidad de brindarle total control sobre sus datos personales sujetos al tratamiento de las finalidades secundarias, usted puede conocerlos, modificarlos, limitarlos o eliminarlos. Para ello deber\u00e1 enviar un correo electr\u00f3nico a\u00a0<a href=\"mailto:datospersonales@telcel.com\"><strong>d&#8212;&#8212;&#8211;@ .com<\/strong><\/a>.<\/p>\n\n<p>La negativa para el uso de sus datos personales para estas finalidades no podr\u00e1 ser un motivo para que le neguemos los Servicios que solicita o contrata con nosotros.<\/p>\n\n<p><strong>Necesario obtener su consentimiento.<\/strong><\/p>\n\n<p>\u00b7 Si usted no se opone, \u201cPaty\u201d podr\u00e1 transferir los datos personales necesarios a socios comerciales y\/o terceros con los que tengamos celebrados acuerdos jur\u00eddicos vinculantes, incluyendo instituciones del sector financiero para que estos puedan contactarle de forma directa para brindarle informaci\u00f3n y ofrecerle bienes, productos y servicios que resulten de su inter\u00e9s o adecuados seg\u00fan su perfil, o bien, para que puedan determinar si usted es sujeto a adquirir los bienes y\/o servicios que dichos terceros ofrecen.<\/p>\n\n<p>\u00b7 Si usted no desea que \u201cPaty\u201d lleve a cabo la transferencia de referencia, por favor env\u00ede un correo electr\u00f3nico a &#8212;&#8212;&#8212;@\u00a0 &#8212;.com. Usted podr\u00e1 cambiar de opci\u00f3n en cualquier momento.<\/p>\n\n<p><strong>Medio y procedimiento para ejercer Derechos ARCO y\/o revocaci\u00f3n de consentimiento para el tratamiento de datos personales.<\/strong><\/p>\n\n<p>Usted tiene derecho a conocer qu\u00e9 datos personales tenemos de usted, para qu\u00e9 los utilizamos, las condiciones del uso que les damos y a obtener una copia de los mismos en un formato legible y de f\u00e1cil lectura (Acceso). Asimismo, es su derecho solicitar la correcci\u00f3n de su informaci\u00f3n personal en caso de que est\u00e9 desactualizada, sea inexacta o incompleta (Rectificaci\u00f3n); que la eliminemos de nuestras bases de datos cuando sea procedente (Cancelaci\u00f3n); as\u00ed como oponerse al uso de sus datos personales para fines espec\u00edficos (Oposici\u00f3n). Estos derechos se conocen como Derechos ARCO. Estos derechos pueden ser ejercidos respecto de la parcialidad o totalidad de los datos personales sujetos a tratamiento informados en el presente Aviso de Privacidad.<\/p>\n\n<p>Para el ejercicio de cualquiera de los Derechos ARCO, as\u00ed como para revocar su consentimiento para el tratamiento de sus datos personales, deber\u00e1 enviar un correo electr\u00f3nico al \u00e1rea de &#8212;&#8212;&#8212;&#8212; a la direcci\u00f3n\u00a0<a href=\"mailto:---@-----.com\"><strong>&#8212;@&#8212;&#8211;.com<\/strong><\/a>\u00a0donde se le atender\u00e1 en tiempo y forma.<\/p>\n\n<p>Su petici\u00f3n deber\u00e1 ser realizada a trav\u00e9s del Formulario \u00danico para Ejercicio de Derechos ARCO, Revocaci\u00f3n del Consentimiento y\/o Limitaci\u00f3n del Uso o Divulgaci\u00f3n de Datos Personales (en lo sucesivo el \u201cFormulario\u201d) que se encuentra a su disposici\u00f3n en la p\u00e1gina web\u00a0<a href=\"https:\/\/www.-------.com\/privacidad\"><strong>https:\/\/www.&#8212;&#8212;-.com\/privacidad<\/strong><\/a>\u00a0y contiene todos los elementos para poder atender su solicitud conforme a la normatividad. Para que el \u00e1rea de Datos Personales pueda darle seguimiento a su solicitud, usted o su representante legal, deber\u00e1 acreditar correctamente su identidad para lo que es necesario que complete todos los campos indicados en el Formulario y lo acompa\u00f1e con copia de alguna de las identificaciones oficiales vigentes que se se\u00f1alan en el mismo.<\/p>\n\n<p>En caso de que la informaci\u00f3n proporcionada en el Formulario sea err\u00f3nea o insuficiente, o bien, no se acompa\u00f1en los documentos de acreditaci\u00f3n correspondientes, el \u00e1rea de Datos Personales, dentro de los cinco (5) d\u00edas h\u00e1biles siguientes a la recepci\u00f3n de la solicitud, podr\u00e1 requerirle que aporte los elementos o documentos necesarios para dar tr\u00e1mite a la misma. Usted contar\u00e1 con diez (10) d\u00edas h\u00e1biles para atender el requerimiento, contados a partir del d\u00eda siguiente en que lo haya recibido. De no dar respuesta en dicho plazo, se tendr\u00e1 por no presentada la solicitud correspondiente.<\/p>\n\n<p>El \u00e1rea de Datos Personales le comunicar\u00e1 la determinaci\u00f3n adoptada, en un plazo m\u00e1ximo de veinte (20) d\u00edas h\u00e1biles contados desde la fecha en que se recibi\u00f3 la solicitud, a efecto de que, si resulta procedente, haga efectiva la misma dentro de los quince (15) d\u00edas h\u00e1biles siguientes a que se comunique la respuesta. La respuesta se dar\u00e1 v\u00eda electr\u00f3nica a la direcci\u00f3n de correo que se especifique en el Formulario.<\/p>\n\n<p><strong>Opciones y medios para limitar el uso o divulgaci\u00f3n de sus datos personales.<\/strong><\/p>\n\n<p>Usted podr\u00e1 limitar el uso o divulgaci\u00f3n respecto de la parcialidad o totalidad de los datos personales sujetos a tratamiento informados en el presente Aviso de Privacidad enviando su solicitud al \u00e1rea de Datos Personales a la direcci\u00f3n\u00a0<a href=\"mailto:----@----.com\">&#8212;-<strong>@&#8212;-.com<\/strong><\/a>. Los requisitos para acreditar su identidad, as\u00ed como el procedimiento para atender su solicitud se regir\u00e1n por los mismos criterios se\u00f1alados en el apartado anterior.<\/p>\n\n<p>En caso de que su solicitud resulte procedente, el \u00e1rea de Datos Personales lo registrar\u00e1 en el listado de exclusi\u00f3n propio, con el objeto de que usted deje de recibir nuestras promociones.<\/p>\n\n<p><strong>Conservaci\u00f3n de sus datos personales.<\/strong><\/p>\n\n<p>\u201cPaty\u201d conservar\u00e1 sus datos personales \u00fanicamente durante el tiempo que resulte necesario y relevante para prestarle los Servicios y mientras mantenga una base de legitimaci\u00f3n que le permita, en t\u00e9rminos de las leyes aplicables, dar tratamiento a sus datos personales. Una vez concluidos los per\u00edodos de bloqueo y retenci\u00f3n aplicables, se proceder\u00e1 a la supresi\u00f3n segura de sus datos.<\/p>\n\n<p><strong>\u00c1rea de Datos Personales.<\/strong><\/p>\n\n<p>Es importante hacer de su conocimiento que \u201cPaty\u201d cuenta con un \u00e1rea de Datos Personales el cual, como parte de sus funciones est\u00e1 encargado de atender sus Derechos ARCO, quejas y dudas relacionadas con el uso de su informaci\u00f3n.<\/p>\n\n<p>Usted puede contactar al \u00e1rea de Datos Personales enviando un correo electr\u00f3nico a la siguiente direcci\u00f3n electr\u00f3nica:\u00a0<a href=\"mailto:----@---.com\">&#8212;-@&#8212;.com<\/a> \u00a0<\/p>\n\n<p><strong>Autoridad: UPDP-ACBG.<\/strong><\/p>\n\n<p>En caso de considerarlo necesario, le informamos que tiene el derecho de acudir ante la Unidad de Protecci\u00f3n de Datos Personales (UPDP) de la Secretar\u00eda Anticorrupci\u00f3n y Buen Gobierno (SABG) para hacer efectivos sus derechos.<\/p>\n\n<p><strong>Cambios al presente Aviso de Privacidad.<\/strong><\/p>\n\n<p>\u201cPaty\u201d se reserva el derecho, bajo su exclusiva discreci\u00f3n, de cambiar, modificar, agregar o eliminar partes del presente Aviso de Privacidad. En tal caso, se mantendr\u00e1 su Aviso de Privacidad Integral vigente en el sitio web\u00a0<a href=\"https:\/\/www.----.com\/privacidad\"><strong>https:\/\/www.grupogharam.com\/privacidad<\/strong><\/a>. Se le notificar\u00e1 cualquier cambio o modificaci\u00f3n del presente a trav\u00e9s de la publicaci\u00f3n en su p\u00e1gina web. Cuando dichas modificaciones impliquen un cambio sustancial en las finalidades o en el tratamiento de los datos personales, se lo har\u00e1 saber con al menos cinco d\u00edas previos a que surtan efectos, mediante mecanismos de notificaci\u00f3n. En caso de ser legalmente necesario, se recabar\u00e1 su consentimiento para el tratamiento de sus datos personales. Adem\u00e1s, usted podr\u00e1 consultar las versiones anteriores de nuestro Aviso de Privacidad en dicho enlace.<\/p>\n\t\t\t\t\t\t\t\t<\/div>\n\t\t\t\t\t<\/div>\n\t\t\t\t<\/div>\n\t\t\t\t<\/div>","protected":false},"excerpt":{"rendered":"<p>Responsable del tratamiento El responsable del tratamiento de sus datos\u00a0personales es la persona (f\u00edsica o moral) &#8212;&#8212;&#8212;&#8212;&#8212;&#8212;&#8212;&#8211;. (en lo sucesivo\u00a0\u201cPaty\u201d) con domicilio para o\u00edr y recibir cualquier tipo de notificaciones [&hellip;]<\/p>","protected":false},"author":1,"featured_media":0,"parent":0,"menu_order":0,"comment_status":"closed","ping_status":"closed","template":"redux-templates_full_width","meta":{"footnotes":""},"class_list":["post-3","page","type-page","status-publish","hentry"],"_hostinger_reach_plugin_has_subscription_block":false,"_hostinger_reach_plugin_is_elementor":false,"_links":{"self":[{"href":"https:\/\/inmobiliariaghar-am.com\/de\/wp-json\/wp\/v2\/pages\/3","targetHints":{"allow":["GET"]}}],"collection":[{"href":"https:\/\/inmobiliariaghar-am.com\/de\/wp-json\/wp\/v2\/pages"}],"about":[{"href":"https:\/\/inmobiliariaghar-am.com\/de\/wp-json\/wp\/v2\/types\/page"}],"author":[{"embeddable":true,"href":"https:\/\/inmobiliariaghar-am.com\/de\/wp-json\/wp\/v2\/users\/1"}],"replies":[{"embeddable":true,"href":"https:\/\/inmobiliariaghar-am.com\/de\/wp-json\/wp\/v2\/comments?post=3"}],"version-history":[{"count":11,"href":"https:\/\/inmobiliariaghar-am.com\/de\/wp-json\/wp\/v2\/pages\/3\/revisions"}],"predecessor-version":[{"id":711,"href":"https:\/\/inmobiliariaghar-am.com\/de\/wp-json\/wp\/v2\/pages\/3\/revisions\/711"}],"wp:attachment":[{"href":"https:\/\/inmobiliariaghar-am.com\/de\/wp-json\/wp\/v2\/media?parent=3"}],"curies":[{"name":"wp","href":"https:\/\/api.w.org\/{rel}","templated":true}]}}